{"id":20,"date":"2012-07-10T18:17:47","date_gmt":"2012-07-10T21:17:47","guid":{"rendered":"http:\/\/gabrielrud.com\/sitio\/?page_id=20"},"modified":"2024-03-07T11:26:10","modified_gmt":"2024-03-07T14:26:10","slug":"about","status":"publish","type":"page","link":"http:\/\/gabrielrud.com\/sitio\/about\/","title":{"rendered":""},"content":{"rendered":"<p>Gabriel Rud<br \/>\nDise\u00f1ador de Imagen y Sonido \/ Especialista en L\u00f3gica y T\u00e9cnica de la Forma<\/p>\n<p><a href=\"mailto:gabrielrud@gmail.com\">gabrielrud@gmail.com<\/a>\u00a0\/\u00a0<a href=\"http:\/\/www.facebook.com\/gabrielrud\">Facebook<\/a>\u00a0 \/ <a href=\"https:\/\/www.instagram.com\/gabrud\/\">Instagram<\/a>\u00a0\/\u00a0<a href=\"http:\/\/knownorigin.io\/gabriel-rud\">knownorigin<\/a>\u00a0\/\u00a0<a href=\"http:\/\/foundation.app\/@gabrielrud\">foundation<\/a>\u00a0\/<\/p>\n<p><strong>Bio<\/strong><\/p>\n<p>Especialista en L\u00f3gica y T\u00e9cnica de la Forma y Dise\u00f1ador de Imagen y Sonido en la Universidad de Buenos Aires. Fundador de UR, un espacio de producci\u00f3n y divulgaci\u00f3n de conocimiento alrededor del arte, la est\u00e9tica y la pedagog\u00eda del dise\u00f1o.\u00a0Profesor titular de la materia Fotograf\u00eda de la Facultad de Arquitectura Dise\u00f1o y Urbanismo (UBA) y de Dise\u00f1o de Interacci\u00f3n en la Universidad de San Andr\u00e9s. Investigador en IDIS (Investigaciones en Dise\u00f1o de Imagen y Sonido, FADU, UBA).\u00a0Obtuvo diversos premios y becas, entre los cuales se destacan la Beca del Fondo Nacional de las Artes en la especialidad Medios Audiovisuales (2015) y el Primer Premio Adquisici\u00f3n del Sal\u00f3n Nacional en la categor\u00eda nuevos soportes e instalaciones (2013). Su obra ha sido exhibida en numerosas instituciones y eventos en la Argentina y el extranjero, como el Museo de Arte Moderno, Museo castagnino de Rosario, el Palais de Glace, el Museo Emilio Caraffa de C\u00f3rdoba, el Centro Cultural San Mart\u00edn, \u00a0Metropolitan Art Preview (Alemania), La Caixa Forum (Espa\u00f1a) y el Museo de Arte Carrillo Gil (M\u00e9xico), Templo Qorikancha (Per\u00fa), entre otros. Vive y trabaja en Buenos Aires.<\/p>\n<p><strong>Bio (eng)<\/strong><\/p>\n<p>Specialist in &#8220;Logic and Technique of the Form&#8221; and Audiovisual Designer at the University of Buenos Aires. Founder of UR, a space for the production and dissemination of knowledge about art, aesthetics and design pedagogy. Professor of Photography at the Faculty of Architecture, Design and Urbanism (UBA) and of Interaction Design at the University of San Andres. Researcher at IDIS (Image and Sound Design Research, FADU, UBA). He obtained several awards and grants, among which stand out the National Fund for the Arts Grant in the specialty Audiovisual Media (2015) and the First Prize Acquisition of the National Salon in the category new media and installations (2013). His work has been exhibited in numerous institutions and events in Argentina and abroad, such as the Museo de Arte Moderno, Museo castagnino de Rosario, Palais de Glace, Museo Emilio Caraffa de C\u00f3rdoba, Centro Cultural San Mart\u00edn, Metropolitan Art Preview (Germany), La Caixa Forum (Spain) and Museo de Arte Carrillo Gil (Mexico), Templo Qorikancha (Peru), among others. Lives and works in Buenos Aires.<\/p>\n<p>&nbsp;<\/p>\n<h1>Principales premios, Becas y distinciones:<\/h1>\n<ul>\n<li>2018 Menci\u00f3n Premio Arcitec, Bs. As., Argentina<\/li>\n<li>2015 Beca del Fondo Nacional de las Artes, especialidad Medios Audiovisuales.<\/li>\n<li>2015 Seleccionado para la\u00a0Plataforma\u00a0internacional para la creaci\u00f3n en teatro musical, proyecto del\u00a0Goethe-Institut y la Bienal de\u00a0M\u00fanich. Argentina\/Alemania<\/li>\n<li>2015 Selecci\u00f3n oficial del Festival\u00a0Coastal Currents 2015. Inglaterra.<\/li>\n<li>2015 Selecci\u00f3n oficial en el Usurp Zone5 Film Festival por el video monocanal &#8220;Int&#8221;, Londres, Inglaterra.<\/li>\n<li>2015 Seleccionado premio Ita\u00fa Cultural Artes Visuales 2015. Bs. As., Salta. Mendoza, Argentina.<\/li>\n<li>2014\u00a0Menci\u00f3n Especial del jurado del IV Premio AAMC de Fotograf\u00eda\u00a0Contempor\u00e1nea\u00a0Argentina\u00a0&#8220;Grund&#8221; C\u00f3rdoba\u00a0Capital,\u00a0Argentina.<\/li>\n<li>2014 Reconocimiento a la Excelencia Acad\u00e9mica, Universidad de Buenos Aires, Argentina.<\/li>\n<li>2013 Primer Premio Adquisici\u00f3n del Sal\u00f3n Nacional, nuevos soportes e instalaciones,\u00a0&#8220;Las veintis\u00e9is piezas&#8221; Palais de Glace, Bs. As. Argentina.<\/li>\n<li>2012 Menci\u00f3n del III Premio AAMC de Fotograf\u00eda\u00a0Contempor\u00e1nea\u00a0Argentina\u00a0&#8220;Recintos&#8221; C\u00f3rdoba\u00a0Capital,\u00a0Argentina.<\/li>\n<li>2011 Seleccionado por el TACEC para Residencia para la creaci\u00f3n de micro-\u00f3peras en La Plata, Argentina.<\/li>\n<li>2011 Beca de Posgrado L\u00f3gica y T\u00e9cnica de la Forma (FADU &#8211; UBA)<\/li>\n<li>2009 \u201cInmediaciones\u201d, Seleccionado para segmento local Art Futura, Malba, Bs. As. Argentina<\/li>\n<li>2008 \u201c#2\u201d (Video) Selecci\u00f3n Premio Macstation, ArteBA 2008<\/li>\n<li>2003 Beca CHELA (Centro Hipermediatico Experimental Latino Americano), para la realizaci\u00f3n del proyecto Multitud.<\/li>\n<li>2001 Menci\u00f3n de honor del jurado, Festival Internacional de Videoarte, Bah\u00eda Blanca por la obra &#8220;Gabriel Rud&#8221;.<\/li>\n<li>2000 Menci\u00f3n especial del jurado, Premio ICI de Video XIII por la obra &#8220;Gabriel Rud&#8221;.<\/li>\n<\/ul>\n<h1>Principales muestras<\/h1>\n<ul>\n<li>2021 &#8220;Cryptoarg&#8221; muestra colectiva en el pabell\u00f3n de Known Origin\u00a0en decentraland.org<\/li>\n<li>2020 &#8220;Colonias&#8221; y la video instalaci\u00f3n &#8220;D\u00edptico&#8221;en la muestra colectiva &#8220;Din\u00e1micas para la existencia&#8221;, CCK, Bs. As., Argentina.<\/li>\n<li>2019 &#8220;Por dentro y por fuera&#8221; videoclip para Aldo Benitez, selecci\u00f3n oficial del Bit Bang Fest, Bs. As. Argentina.<\/li>\n<li>2019 &#8220;Autoretrato&#8221; muestra colectiva en Balvanera Self-portrair Gallery, Bs. As. Argentina.<\/li>\n<li>2019 &#8220;Sesi\u00f3n&#8221; en la muestra colectiva &#8220;La desaparici\u00f3n de los Andes&#8221;, Centro Cultural Rector Ricardo Rojas, Bs. As. Argentina.<\/li>\n<li>2018 &#8220;Colonias&#8221; BAphoto 2018, Espacio Pla, Bs. As. Argentina.<\/li>\n<li>2018 &#8220;Rio&#8221; en colaboraci\u00f3n con Daniel Melero y Diego Tu\u00f1on, MALBA, Bs. As. Argentina.<\/li>\n<li>2018 &#8220;En el Ignicio&#8221; Feria Internacional ArtLima, Stand Espacio Pla, Lima, Per\u00fa.<\/li>\n<li>2018 &#8220;Moloch&#8221; en\u00a0 la muestra colectiva del Premio Arcitec\u00a0&#8221; Centro Cultural San Mart\u00edn, Bs. As. Argentina.<\/li>\n<li>2017 &#8220;La regi\u00f3n sin nosotros&#8221; junto a Mariano Ramis, Museo del Cine Pablo Ducr\u00f3s Hicken, Bs. As. Argentina.<\/li>\n<li>2017 &#8220;Piezas&#8221; muestra colectiva en Nanofestival, FoLa, Fotot\u00e9ca Latinoamericana, Bs. As. Argentina.<\/li>\n<li>2017 \u201cColonias\u201d FACA, Feria de Arte Contempor\u00e1neo Argentino, Bs. As. Argentina.<\/li>\n<li>2016 \u201cColonias\u201d muestra individual, Curadora: Jazm\u00edn Adler, Espacio Pla, Bs. As. Argentina.<\/li>\n<li>2016 \u201cOrbitante\u201d muestra colectiva +code, ciclo noviembre electr\u00f3nico, Centro Cultural San Mart\u00edn, Bs. As. Argentina.<\/li>\n<li>2016 &#8220;En el Ignicio&#8221; muestra individual, Galeria Leku, Bs. As. Argentina.<\/li>\n<li>2016 &#8220;Desconocer y saber&#8221; junto a Mariano Ramis, Centro Cultural San Mart\u00edn, Bs. As. Argentina.<\/li>\n<li>2015\u00a0<span style=\"line-height: 24px;\">&#8220;Piezas para pantallas c\u00f3ncavas&#8221;,\u00a0<\/span>Muestra Colectiva Tiempo Circular \u00a0en Espacio Pla, The Wrong Biennale. Internacional.<\/li>\n<li>2015 Muestra Colectiva &#8220;Herejes&#8221; en Leku. Bs. As. Argentina.<\/li>\n<li>2014 \u00a0Muestra Colectiva &#8220;Vuelo Bajo&#8221; con\u00a0<span style=\"line-height: 24px;\">Juan Cabrera, Nicol\u00e1s Sobrero y Gabriel Rud.\u00a0<\/span><span style=\"line-height: 24px;\">Curadora Patricia Rizzo. La ira de dios, Bs. As. Argentina .<a href=\"http:\/\/www.lairadedios.com.ar\/\"><br \/>\n<\/a><\/span><\/li>\n<li>2014 Puesta visual de la presentaci\u00f3n de &#8220;Disco&#8221; de Daniel Melero, Teatro Margarita Xirgu,\u00a0Bs. As. Argentina.<\/li>\n<li>2014 &#8220;Supernatural&#8221; Galeria\u00a0Dacil, ArteBA 2014, Bs. As., Argentina.<\/li>\n<li>2013 &#8220;Abominaciones&#8221; Scoope Miami Beach, Estados Unidos.<\/li>\n<li>2013 &#8220;Biosignos&#8221;,\u00a0muestra colectiva, Galeria Dacil, Bs. As. Argentina.<\/li>\n<li>2013 &#8220;Dec\u00e1logo&#8221;, Eggo, Galer\u00eda La Ira de Dios, Centro Cultural Recoleta, Bs. As., Argentina.\u00a0<a href=\"http:\/\/www.eggoarte.com.ar\/\"><br \/>\n<\/a><\/li>\n<li>2013 &#8220;Esfera Stapledon&#8221;, Espacio Byte, Espacio Fundaci\u00f3n Telef\u00f3nica, Bs. As., Argentina. <a href=\"http:\/\/www.espaciobyte.org\/\"><br \/>\n<\/a><\/li>\n<li>2013 &#8220;Dec\u00e1logo&#8221;, Frontera, <a href=\"http:\/\/www.dacilart.com\/\">Dacil<\/a>, Bs. As. Argentina.<\/li>\n<li>2013 &#8220;Las veintis\u00e9is piezas&#8221;,\u00a0Savias, \u00c1rboles Geneal\u00f3gicos Latinoamericanos, Centro Cultural del Templo Qorikancha, Cusco, Per\u00fa.<\/li>\n<li>2012 &#8220;Profesora Cl\u00e1sica&#8221; y &#8220;Anamorphoss 1.1&#8221; Game On!, Centro Cultural San mart\u00edn, Bs. As. Argentina<a href=\"http:\/\/www.gameonxp.com\/\"><br \/>\n<\/a><\/li>\n<li>2012 &#8220;Recintos&#8221; Fase4, Centro Cultural Recoleta, Bs. As. Argentina\u00a0<a href=\"http:\/\/www.faseencuentro.com.ar\/\"><br \/>\n<\/a><\/li>\n<li>2012 &#8220;Sobre Abominaciones y otras Luces&#8221; (muestra individual)\u00a0La ira de dios, Bs. As. Argentina\u00a0<a href=\"http:\/\/www.lairadedios.com.ar\/\"><br \/>\n<\/a><\/li>\n<li>2012 &#8220;Esfera Stapledon&#8221; 0.1.3, Experimentaciones po\u00e9ticas con dispositivos electr\u00f3nicos y digitales, MMAMM, Mendoza, Argentina\u00a0<a href=\"http:\/\/ceropunto.org\/\"><br \/>\n<\/a><\/li>\n<li>2012 &#8220;Seol&#8221; 0.1.3, Experimentaciones po\u00e9ticas con dispositivos electr\u00f3nicos y digitales, MMAMM, Mendoza, Argentina<\/li>\n<li>2012 &#8220;Especimen&#8221; L.A.A.A.A, Planetario Galileo Galilei, Buenos Aires, Argentina<\/li>\n<li>2011 &#8220;Estructuras Espectrales&#8221; Tecn\u00f3polis, Bs. As. Argentina.\u00a0<a href=\"http:\/\/www.tecnopolis.ar\/\/lite\/passing_interior.php?actividad=112\"><br \/>\n<\/a><\/li>\n<li>2011\u201cSeol\u201d y \u201cTricentenario\u201d, 0.1 Experimentaciones po\u00e9ticas con dispositivos electr\u00f3nicos y digitales, Museo Castagnino+Macro, Santa Fe, Rosario <a href=\"http:\/\/ceropunto.org\/\"><br \/>\n<\/a><\/li>\n<li>2011 \u201cSeol\u201d y \u201cTricentenario\u201d, 0.1 Experimentaciones po\u00e9ticas con dispositivos electr\u00f3nicos y digitales, Espacio Ita\u00fa Cultural, Bs. As. Argentina.\u00a0<a href=\"http:\/\/ceropunto.org\/\"><br \/>\n<\/a><\/li>\n<li>2010 \u201cPlanta\u201d (Video realizado junto a Le\u00f3n Ferrari), Festival Doc Bs. As. 2010, Casa Nacional del Bicentenario, Bs. As. Argentina<a href=\"http:\/\/www.casadelbicentenario.gob.ar\/\"><br \/>\n<\/a><\/li>\n<li>2010 \u201cInmediaciones\u201d, La ira de dios, Bs. As. Argentina<\/li>\n<li>2010 \u201cColectivo\u201d, One Minute Project, Stam Ghent City Museum, B\u00e9lgica<\/li>\n<li>2009 \u201cInmediaciones\u201d, segmento local Art Futura, Malba, Bs. As. Argentina<\/li>\n<li>2009 \u201cCoto\u201d, seleccionado para One Minute Project<\/li>\n<li>2009 \u201cFreezer Ballet\u201d, muestra colectiva: Agua y Luz; Po\u00e9ticas tecnol\u00f3gicas hacia el fin de la d\u00e9cada., Galeria Objeto a, Buenos Aires, Argentina<\/li>\n<li>2009 \u201cSin t\u00edtulo\u201d (Video monocanal), Auditorio de Redgaler\u00eda<\/li>\n<li>2009 \u201cPlanta\u201d (Video realizado junto a Le\u00f3n Ferrari), Donaci\u00f3n al Fonds R\u00e9gional D\u00b4Art Contemporain De Lorraine, Metz, Francia<a href=\"http:\/\/www.fraclorraine.org\/\"><br \/>\n<\/a><\/li>\n<li>2009 \u201cLa Carretera de los Incendios\u201d (videoclip) en Artfutura, Malba, Bs. As. Argentina.<\/li>\n<li>2009 \u201cAnestesia-Vida-Caida\u201d, C. C. A. M., Corrientes, Argentina.<\/li>\n<li>2009 \u201cPlanta\u201d (Video realizado junto a Le\u00f3n Ferrari), C. C. A. M., Corrientes, Argentina.<\/li>\n<li>2008 \u201cPlanta\u201d (Video realizado junto a Le\u00f3n Ferrari), Sala de Arte SOSUNC, Neuqu\u00e9n, Argentina.<\/li>\n<li>2008 \u201cEl Monte An\u00e1logo en vivo\u201d Cultura y Media, CCGSM, Bs. As., Argentina<\/li>\n<li>2008 \u201cPlanta\u201d (Video realizado junto a Le\u00f3n Ferrari), LaCaixa Forum, Madrid, Espa\u00f1a<\/li>\n<li>2008 \u201cPlanta\u201d (Video realizado junto a Le\u00f3n Ferrari), Museo de Arte Carrillo Gil, M\u00e9xico DF.<\/li>\n<li>2008 \u201c#2\u201d (Video) Premio Mac Station, ArteBA 2008<\/li>\n<li>2008 \u201cPlanta\u201d (Video realizado junto a Le\u00f3n Ferrari), LaCaixa Forum, Barcelona, Espa\u00f1a<\/li>\n<li>2007 \u201c24 Coreografias\u201d (Video en tiempo real) Estudios abierto 2007<\/li>\n<li>2007 \u201cPlanta\u201d (Video realizado junto a Le\u00f3n Ferrari), Festival Loop internacional, Barcelona, Espa\u00f1a.<\/li>\n<li>2007 \u201cPlanta\u201d (Video realizado junto a Le\u00f3n Ferrari), Cultura y Media, CCGSM, Bs. As., Argentina<\/li>\n<li>2007 \u201c24 Coreografias\u201d (Video en tiempo real), Cultura y Media, CCGSM, Bs. As., Argentina<\/li>\n<li>2006 \u201cLa rosa de los vientos, Noroeste\u201d, Video-Danza junto a Mabel Dai Chee Chang, Centro de Experimentaci\u00f3n del Teatro Col\u00f3n.<\/li>\n<li>2006 \u201cHuellas, d\u00edas y mutaciones\u201d Artecl\u00e1sica 2006.<\/li>\n<li>2005 \u201cAnestesia-Vida-Caida\u201d selecci\u00f3n oficial del VAD Festival, Girona, Espa\u00f1a.<\/li>\n<li>2005 \u201cAnestesia\u201d Fundaci\u00f3n Telef\u00f3nica, Espacio Plasma, (Emision Televisiva) Canal Ciudad Abierta.<\/li>\n<li>2004 \u201cSobreviviente\u201d (Video-Instalaci\u00f3n), Metropolitan Art Preview, Berlin, Alemania.<\/li>\n<li>2004 \u201cSobreviviente\u201d (Video-Instalaci\u00f3n), Terraza de la Facultad de Arquitectura.<\/li>\n<li>2004 \u201cMultitud\u201d (Instalaci\u00f3n Sonora Interactiva), Centro Hipermediatico Experimental Latinoamericano.<\/li>\n<li>2003 Rock Set 400 (Video-Performance), Aula de teleconferencias, Facultad de Arquitectura.<\/li>\n<li>2003 Rock Set 400 (Video-Performance), Estudio Abierto 2003.<\/li>\n<li>2002 Gabriel Rud (Video), Museo de Arte Moderno de Bs. As., Ciclo video de creaci\u00f3n.<\/li>\n<\/ul>\n<h1>T\u00edtulos obtenidos<\/h1>\n<ul>\n<li>Especialista en L\u00f3gica y T\u00e9cnica de la Forma (FADU-UBA), Clase 2011 (en tramite)<\/li>\n<li>Dise\u00f1ador de Imagen y Sonido (UBA), Clase 2005<\/li>\n<li>T\u00e9cnico en Comunicaciones Publicitarias (EMET N\u00ba2 \u2013 D.E. 10\u00ba), Clase 1996<\/li>\n<li>Dibujante Publicitario (EMET N\u00ba2 \u2013 D.E. 10\u00ba), Clase 1994<\/li>\n<\/ul>\n<h1>Formaci\u00f3n<\/h1>\n<ul>\n<li>2018 Seminario &#8220;Ense\u00f1ar e Innovar con Tecnolog\u00eda en la Universidad&#8221;\u00a0Lic. Mg. Fernando Javier Salvatierra,\u00a01\u00ba Jornadas de Formaci\u00f3n Docente FADU, UBA.<\/li>\n<li>2013-14 Seminario &#8220;Arte Moderno&#8221;\u00a0a cargo de la Dra. Martha Z\u00e1tonyi, Estudio Ethos.<\/li>\n<li>2013\u00a0Workshop MDA (mec\u00e1cinas, Din\u00e1micas y Est\u00e9ticas de videojuegos) por Robin Hunicke, Conferencias Videojuegos 2013.<\/li>\n<li>2012-actualidad Maestrando en L\u00f3gica y T\u00e9cnica de la Forma de la UBA.<\/li>\n<li>2012 Seminario &#8220;Pensar sobre el pensar, pensar sobre el ver&#8221;\u00a0a cargo de la Dra. Martha Z\u00e1tonyi, Estudio Ethos.<\/li>\n<li>2011 Seminario \u201cAutogesti\u00f3n musical para actores, directores y m\u00fasicos\u201d a cargo de Carmen Baliero, TACEC<\/li>\n<li>2011 Workshop Entrenamiento perform\u00e1tico y vocal para artistas a cargo de Daniel Ott (Suiza) y Caroline Scholz (Alemania), TACEC.<\/li>\n<li>2010 Seminario Anual \u201cHistoria de la Est\u00e9tica\u201d a cargo de la Dra. Martha Z\u00e1tonyi, Estudio Ethos.<\/li>\n<li>2009 Seminario Cuatrimestral \u201cEntre 1940 y 2000&#8243; a cargo de la Dra. Martha Z\u00e1tonyi, Estudio Ethos.<\/li>\n<li>2009 Seminario Cuatrimestral \u201cNuestros Dias\u201d a cargo de la Dra. Martha Z\u00e1tonyi, Estudio Ethos.<\/li>\n<li>2009 Seminario Cuatrimestral \u201cAnalisis de Arte 2&#8243; a cargo de la Dra. Martha Z\u00e1tonyi, Estudio Ethos.<\/li>\n<li>2008 Seminario Cuatrimestral \u201cAn\u00e1lisis de Arte 1&#8243; a cargo de la Dra. Martha Z\u00e1tonyi, Estudio Ethos.<\/li>\n<li>2008 Seminario anual \u201cHistoria del Arte\u201d a cargo de la Dra. Martha Z\u00e1tonyi, Estudio Ethos.<\/li>\n<li>2007 Seminario cuatrimestral \u201cHermen\u00e9utica\u201d a cargo de la Dra. Martha Z\u00e1tonyi, Estudio Ethos.<\/li>\n<li>2007 Seminario cuatrimestral \u201cEl arte como documento\u201d a cargo de la Dra. Martha Z\u00e1tonyi, Estudio Ethos.<\/li>\n<li>2006 Seminario cuatrimestral \u201cHistoria del Arte\u201d a cargo de la Dra. Martha Z\u00e1tonyi, Estudio Ethos.<\/li>\n<li>2005 Seminario cuatrimestral \u201cReligiones Comparadas\u201d a cargo de la Dra. Martha Z\u00e1tonyi, Estudio Ethos.<\/li>\n<li>2001 Seminario sobre m\u00fasica experimental dictado por Lee Ranaldo en el marco deExperimenta 98.<\/li>\n<\/ul>\n<h1>Experiencia Acad\u00e9mica<\/h1>\n<ul>\n<li>Workshop &#8220;Antes del Proyecto&#8221;,\u00a03\u00ba Bienal\u00a0de Dise\u00f1o, FADU &#8211; UBA, a\u00f1o 2019<\/li>\n<li>Conferencia &#8220;Filosofia y ciencia (y todo lo contrario)&#8221; 105\u00ba Encuentro de Ciencias, Artes y Humanidades, Facultad de Qu\u00edmica,\u00a0 Universidad Nacional Aut\u00f3noma de M\u00e9xico (UNAM), D.F. Mexico, 2019<\/li>\n<li>Conferencia &#8220;Sobre m\u00fasica y ciencia&#8221;\u00a0junto a Daniel Melero en la\u00a0 Feria Internacional del Libro Universitario (FILUNI) de la Universidad Nacional Aut\u00f3noma de M\u00e9xico (UNAM), D.F. Mexico, 2019<\/li>\n<li>Workshop &#8220;Yogurt: Duda, obstinaci\u00f3n, epifan\u00eda y renuncia en los procesos de creaci\u00f3n audiovisual&#8221; en la 3\u00ba Bienal\u00a0de Dise\u00f1o, FADU &#8211; UBA, a\u00f1o 2017<\/li>\n<li>Workshop IDIS\u00a0invitados por el\u00a0<a title=\"Lehrstuhl f\u00fcr Geschichte und \u00c4sthetik der Medien\" href=\"http:\/\/www.kunstgeschichte.uni-jena.de\/Institut\/Lehrstuhl+f%C3%BCr+Geschichte+und+%C3%84sthetik+der+Medien.html\" target=\"_self\" rel=\"noopener\">Lehrstuhl f\u00fcr Geschichte und \u00c4sthetik der Medien<\/a>, en la Universidad Friedrich-Schiller, Jena, Alemania.<\/li>\n<li>Profesor Adjunto de la materia Fotograf\u00eda, C\u00e1tedra Trilnick &#8211; FADU &#8211; UBA, 2017<\/li>\n<li>Profesor Adjunto de la materia Proyecto Audiovisual cat. Campos Trilnick\u00a0Dise\u00f1o de Imagen y Sonido \u2013 FADU &#8211; UBA, 2016<\/li>\n<li>Jefe de Trabajos Pr\u00e1cticos para Dise\u00f1o Audiovisual cat. Campos Trilnick. Dise\u00f1o de Imagen y Sonido \u2013 FADU &#8211; UBA, 2015<\/li>\n<li>Taller Historial alternativas de la imagen y el sonido, con Carlos Trilnick y Mariano Ramis, <a href=\"http:\/\/www.culturalkirchner.gob.ar\/\">Centro Cultural Kirchner<\/a>,\u00a0 2015<\/li>\n<li>Seminario &#8220;Antiguos soportes y nuevos testamentos&#8221; en el MAC (Modulo Audiovisual\u00a0Centro Hipermediatico Experimental Latinoamericano), 2015<\/li>\n<li>Taller de Creaci\u00f3n Audiovisual &#8220;Nuevos soportes y antiguos testamentos&#8221; en <a href=\"http:\/\/espacio.fundaciontelefonica.com.ar\/\">Espacio Fundaci\u00f3n Telef\u00f3nica<\/a>, 2014<\/li>\n<li>Conferencista en el Seminario &#8220;Curadur\u00eda y Arte Moderno&#8221; en la Escuela Superior Aut\u00f3noma de Bellas Artes &#8220;Diego Quispe Tito&#8221; del Cusco, Per\u00fa, 2013<\/li>\n<li>Investigador en el proyecto &#8220;Apuntes sobre los or\u00edgenes y el desarrollo de las narrativas audiovisuales no lineales y de la cultura de c\u00f3digos abiertos&#8221; Director: Carlos Trilnick,\u00a0Proyecto SI, Acreditado por la\u00a0Secretar\u00eda de Investigaciones\u00a0FADU, UBA. (<a href=\"http:\/\/www.fadu.uba.ar\/investigacion\/proyec_sihyc36.html?\">SI HyC &#8211; 36<\/a>), <span style=\"line-height: 24px;\">2012\u00a0<\/span><\/li>\n<li>Expositor &#8220;Po\u00e9ticas Tecnol\u00f3gicas&#8221; en el 1\u00ba Encuentro de Investigadores Carrera Dis. de Imagen y Sonido FADU &#8211; UBA, 2012<\/li>\n<li>Veedor de Carrera para el llamado a Concurso de titular de la materia &#8220;Dibujo y Maqueta&#8221; Dise\u00f1o de Imagen y Sonido \u2013 FADU &#8211; UBA, 2012<\/li>\n<li><span style=\"line-height: 21.81818199157715px;\">Ganador del Concurs\u00f3 para Jefe de Trabajos Pr\u00e1cticos para Dise\u00f1o Audiovisual cat. Campos Trilnick. Dise\u00f1o de Imagen y Sonido \u2013 FADU &#8211; UBA, 2010<\/span><\/li>\n<li>Artista invitado para dictar el worshop intensivo Masamerica Corrientes junto a Graciela Taquini, Organizado por la Oficina Cultural de la Embajada de Espa\u00f1a y la Subsecretaria de Cultura de la Ciudad de Corrientes, 2009<\/li>\n<li>JTP en Dise\u00f1o Audiovisual 1 Campos\/Trilnick \u2013 Dise\u00f1o de Imagen y Sonido \u2013 FADU &#8211; UBA, 2008 a 2012<\/li>\n<li>Ayudante de 1\u00ba en Dise\u00f1o Audiovisual 1 Campos\/Trilnick \u2013 Dise\u00f1o de Imagen y Sonido \u2013 UBA, 2007 a 2006<\/li>\n<li>Ayudante de 2\u00ba ad-honorem en Dise\u00f1o Audiovisual 2 C\u00e1tedra Campos\/Trilnick \u2013 Dise\u00f1o de Imagen y Sonido \u2013 FADU &#8211; UBA, 2005<\/li>\n<li>Ayudante de 2\u00ba ad-honorem en Dise\u00f1o Audiovisual 1 C\u00e1tedra Campos\/Trilnick \u2013 Dise\u00f1o de Imagen y Sonido \u2013 FADU &#8211; UBA, 2003 y 2004<\/li>\n<li>Capacitaci\u00f3n en comunicaci\u00f3n y dise\u00f1o inform\u00e1tico en el Programa Internacional Buenos Aires- Facultad de Arquitectura y Dise\u00f1o Pontificia Universidad Javeriana.<\/li>\n<\/ul>\n<h1>Otros Proyectos<\/h1>\n<ul>\n<li><a href=\"http:\/\/proyectoidis.org\/\">proyectoidis.org<\/a><\/li>\n<li><a href=\"http:\/\/elsalon.org\">elsalon.org<\/a><\/li>\n<li><a href=\"http:\/\/campostrilnick.org\/\">campostrilnick.org<\/a><\/li>\n<li><a href=\"http:\/\/fotografiatrilnick.org\/\">fotografiatrilnick.org<\/a><\/li>\n<\/ul>\n<p>&nbsp;<\/p>\n","protected":false},"excerpt":{"rendered":"<p>Gabriel Rud Dise\u00f1ador de Imagen y Sonido \/ Especialista en L\u00f3gica y T\u00e9cnica de la Forma gabrielrud@gmail.com\u00a0\/\u00a0Facebook\u00a0 \/ Instagram\u00a0\/\u00a0knownorigin\u00a0\/\u00a0foundation\u00a0\/ Bio Especialista en L\u00f3gica y T\u00e9cnica de la Forma y Dise\u00f1ador de Imagen y Sonido en la Universidad de Buenos Aires. Fundador de UR, un espacio de producci\u00f3n y divulgaci\u00f3n de conocimiento alrededor del arte, la [&hellip;]<\/p>\n","protected":false},"author":1,"featured_media":0,"parent":0,"menu_order":0,"comment_status":"closed","ping_status":"closed","template":"","meta":{"footnotes":""},"_links":{"self":[{"href":"http:\/\/gabrielrud.com\/sitio\/wp-json\/wp\/v2\/pages\/20"}],"collection":[{"href":"http:\/\/gabrielrud.com\/sitio\/wp-json\/wp\/v2\/pages"}],"about":[{"href":"http:\/\/gabrielrud.com\/sitio\/wp-json\/wp\/v2\/types\/page"}],"author":[{"embeddable":true,"href":"http:\/\/gabrielrud.com\/sitio\/wp-json\/wp\/v2\/users\/1"}],"replies":[{"embeddable":true,"href":"http:\/\/gabrielrud.com\/sitio\/wp-json\/wp\/v2\/comments?post=20"}],"version-history":[{"count":74,"href":"http:\/\/gabrielrud.com\/sitio\/wp-json\/wp\/v2\/pages\/20\/revisions"}],"predecessor-version":[{"id":780,"href":"http:\/\/gabrielrud.com\/sitio\/wp-json\/wp\/v2\/pages\/20\/revisions\/780"}],"wp:attachment":[{"href":"http:\/\/gabrielrud.com\/sitio\/wp-json\/wp\/v2\/media?parent=20"}],"curies":[{"name":"wp","href":"https:\/\/api.w.org\/{rel}","templated":true}]}}